{"id":113,"date":"2020-01-30T20:11:51","date_gmt":"2020-01-30T20:11:51","guid":{"rendered":"http:\/\/www.kokonhalli.fi\/aukiolo\/"},"modified":"2026-01-07T06:31:23","modified_gmt":"2026-01-07T06:31:23","slug":"oppethallning","status":"publish","type":"page","link":"https:\/\/www.kokonhalli.fi\/sv\/oppethallning\/","title":{"rendered":"\u00d6ppeth\u00e5llning"},"content":{"rendered":"<div id=\"pl-113\"  class=\"panel-layout\" ><div id=\"pg-113-0\"  class=\"panel-grid panel-has-style\" ><div class=\"siteorigin-panels-stretch kt-panel-row-stretch panel-row-style panel-row-style-for-113-0\" style=\"opacity: 0;\" data-stretch-type=\"full\" ><div id=\"pgc-113-0-0\"  class=\"panel-grid-cell\" ><div id=\"panel-113-0-0-0\" class=\"so-panel widget widget_black-studio-tinymce widget_black_studio_tinymce panel-first-child panel-last-child\" data-index=\"0\" ><div class=\"textwidget\">                \t<style type=\"text\/css\">\n                \t.kad-slider-64 .kad-slider .kadcaptiontitle {font-size:76px;}.kad-slider-64 .kad-slider .kadcaptiontitle {font-weight:400;}.kad-slider-64 .kad-slider .kadcaptiontitle {letter-spacing:normalpx;}.kad-slider-64 .kad-slider .kadcaptiontext p {font-size:24px;}.kad-slider-64 .kad-slider .kadcaptiontext p {font-weight:400;}.kad-slider-64 .kad-slider .kadcaptiontext p {letter-spacing:normalpx;}.kad-slider-64 .kad-slider .caption-case-inner {text-align:center;}@media (max-width: 992px) {.kad-slider-64 .kad-slider .kadcaptiontext p {font-size:18px;}.kad-slider-64 .kad-slider .kadcaptiontitle {font-size:50px;}} @media (max-width: 767px) {.kad-slider-64 .kad-slider .kadcaptiontitle {font-size:26px;}.kad-slider-64 .kad-slider .kadcaptiontext p {font-size:14px;}.kad-slider-64 .kad-slider .kad-slider-canvas, .kad-slider-64 .kad-slider {height:250px !important;}}                \t<\/style>\n\t\t\t  \t<div class=\"kad-slider-wrapper  kt_slider_single_slide kad-slider-64\" data-ktslider-id=\"64\" data-ktslider-auto-play=\"true\" data-ktslider-pause-time=\"9000\" data-ktslider-height=\"350\" data-ktslider-height-type=\"normal\" style=\"max-width:none; margin-left: auto; margin-right:auto;\">\n\t\t\t    \t<div id=\"kad-slider-64\" class=\"kad-slider kad-loading\" style=\"margin-left: auto; margin-right:auto; height:350px; \">\n\t\t\t        \t<ul class=\"kad-slider-canvas seq-canvas\" style=\"height:350px;\" >\n\t\t\t        \t\t\t\t                      <li> \n\t\t\t                              <div class=\"kad-slide kad-slide-1  \" style=\"background-image: url('http:\/\/www.kokonhalli.fi\/wp-content\/uploads\/2020\/01\/kokonhalli_ulko3.jpg'); background-size:cover; background-repeat: no-repeat;\">\n\t\t\t                              \t<div class=\"caption-case kad-placement-cc\">\n\t\t\t                                \t<div class=\"kad-slide-caption animated kt-fadeIn kt-fadeOut\">\n\t\t\t                                \t\t<div class=\"caption-case-inner\" data-0=\"opacity: 1;\" data-300=\"opacity: 0;\">\n\t\t\t\t\t                                \t\t\t\t\t                                \t\t\t\t\t                                \t\t\t\t\t                                \t\t\t                                \t\t<\/div> \n\t\t\t                                \t<\/div> \n\t\t\t                            \t<\/div>\n\t\t\t                            <\/div>\n\t\t\t                      \t<\/li> \n\t\t\t                      \t\t\t\t            \t\t\t        \t<\/ul>\n\t\t\t        \t<ul class=\"kad-slider-pagination kad-pag-64\">\n\t\t\t        \t\t\t\t\t\t\t\t    <li class=\"kad-slider-dot\"><\/li>\n\t\t\t\t\t\t    \t\t\t\t\t\t<\/ul>\n\t\t\t        \t<a class=\"kad-slider-next kad-slider-navigate kad-next-64\"><\/a>\n\t\t\t        \t<a class=\"kad-slider-prev kad-slider-navigate kad-prev-64\"><\/a>\n\t\t\t        \t\t\t\t      <\/div> <!--kad-slides-->\n\t\t\t  <\/div> <!--kad-slider-->\n            \t\t\n\t\n<\/div><\/div><\/div><\/div><\/div><div id=\"pg-113-1\"  class=\"panel-grid panel-no-style\" ><div id=\"pgc-113-1-0\"  class=\"panel-grid-cell\" ><div id=\"panel-113-1-0-0\" class=\"so-panel widget widget_black-studio-tinymce widget_black_studio_tinymce panel-first-child panel-last-child\" data-index=\"1\" ><h1 class=\"widget-title\">\u00d6ppeth\u00e5llning<\/h1><div class=\"textwidget\"><p><strong>\u00d6PPETH\u00c5LLNINGSTIDER 2026<\/strong><br \/>\nM\u00e5ndag \u2013 torsdag kl. 8\u201322<br \/>\nFredag kl. 8\u201321<br \/>\nL\u00f6rdag kl. 9\u201318<br \/>\nS\u00f6ndag kl. 9\u201320<br \/>\n&nbsp;<\/p>\n<hr \/>\n<p>&nbsp;<\/p>\n<p><strong>Kokonhallens Lunchcaf\u00e9<\/strong><\/p>\n<p>M\u00e5n-fre kl. 8\u201319.30<br \/>\nL\u00f6r kl. 9\u201316<br \/>\nS\u00f6n kl. 9\u201316<\/p>\n<p><a href=\"mailto:kokonhallinkahvila@gmail.com\">kokonhallinkahvila@gmail.com<\/a><\/p>\n<\/div><\/div><\/div><\/div><\/div>","protected":false},"excerpt":{"rendered":"<p>\u00d6PPETH\u00c5LLNINGSTIDER 2026 M\u00e5ndag \u2013 torsdag kl. 8\u201322 Fredag kl. 8\u201321 L\u00f6rdag kl. 9\u201318 S\u00f6ndag kl. 9\u201320 &nbsp; &nbsp; Kokonhallens Lunchcaf\u00e9 M\u00e5n-fre kl. 8\u201319.30 L\u00f6r kl. 9\u201316 S\u00f6n kl. 9\u201316 kokonhallinkahvila@gmail.com<\/p>\n","protected":false},"author":1,"featured_media":0,"parent":0,"menu_order":0,"comment_status":"closed","ping_status":"closed","template":"","meta":{"footnotes":""},"class_list":["post-113","page","type-page","status-publish","hentry"],"yoast_head":"<!-- This site is optimized with the Yoast SEO plugin v27.3 - https:\/\/yoast.com\/product\/yoast-seo-wordpress\/ -->\n<title>\u00d6ppeth\u00e5llning | Kokonhalli Kokonhallen<\/title>\n<meta name=\"robots\" content=\"index, follow, max-snippet:-1, max-image-preview:large, max-video-preview:-1\" \/>\n<link rel=\"canonical\" href=\"https:\/\/www.kokonhalli.fi\/sv\/oppethallning\/\" \/>\n<meta property=\"og:locale\" content=\"sv_SE\" \/>\n<meta property=\"og:type\" content=\"article\" \/>\n<meta property=\"og:title\" content=\"\u00d6ppeth\u00e5llning | Kokonhalli Kokonhallen\" \/>\n<meta property=\"og:description\" content=\"\u00d6PPETH\u00c5LLNINGSTIDER 2026 M\u00e5ndag \u2013 torsdag kl. 8\u201322 Fredag kl. 8\u201321 L\u00f6rdag kl. 9\u201318 S\u00f6ndag kl. 9\u201320 &nbsp; &nbsp; Kokonhallens Lunchcaf\u00e9 M\u00e5n-fre kl. 8\u201319.30 L\u00f6r kl. 9\u201316 S\u00f6n kl. 9\u201316 kokonhallinkahvila@gmail.com\" \/>\n<meta property=\"og:url\" content=\"https:\/\/www.kokonhalli.fi\/sv\/oppethallning\/\" \/>\n<meta property=\"og:site_name\" content=\"Kokonhalli Kokonhallen\" \/>\n<meta property=\"article:modified_time\" content=\"2026-01-07T06:31:23+00:00\" \/>\n<meta property=\"og:image\" content=\"https:\/\/www.kokonhalli.fi\/wp-content\/uploads\/2020\/01\/kokonhalli_ulko4.jpg\" \/>\n\t<meta property=\"og:image:width\" content=\"981\" \/>\n\t<meta property=\"og:image:height\" content=\"300\" \/>\n\t<meta property=\"og:image:type\" content=\"image\/jpeg\" \/>\n<meta name=\"twitter:card\" content=\"summary_large_image\" \/>\n<meta name=\"twitter:label1\" content=\"Ber\u00e4knad l\u00e4stid\" \/>\n\t<meta name=\"twitter:data1\" content=\"1 minut\" \/>\n<script type=\"application\/ld+json\" class=\"yoast-schema-graph\">{\"@context\":\"https:\\\/\\\/schema.org\",\"@graph\":[{\"@type\":\"WebPage\",\"@id\":\"https:\\\/\\\/www.kokonhalli.fi\\\/sv\\\/oppethallning\\\/\",\"url\":\"https:\\\/\\\/www.kokonhalli.fi\\\/sv\\\/oppethallning\\\/\",\"name\":\"\u00d6ppeth\u00e5llning | Kokonhalli Kokonhallen\",\"isPartOf\":{\"@id\":\"https:\\\/\\\/www.kokonhalli.fi\\\/#website\"},\"datePublished\":\"2020-01-30T20:11:51+00:00\",\"dateModified\":\"2026-01-07T06:31:23+00:00\",\"breadcrumb\":{\"@id\":\"https:\\\/\\\/www.kokonhalli.fi\\\/sv\\\/oppethallning\\\/#breadcrumb\"},\"inLanguage\":\"sv-SE\",\"potentialAction\":[{\"@type\":\"ReadAction\",\"target\":[\"https:\\\/\\\/www.kokonhalli.fi\\\/sv\\\/oppethallning\\\/\"]}]},{\"@type\":\"BreadcrumbList\",\"@id\":\"https:\\\/\\\/www.kokonhalli.fi\\\/sv\\\/oppethallning\\\/#breadcrumb\",\"itemListElement\":[{\"@type\":\"ListItem\",\"position\":1,\"name\":\"Home\",\"item\":\"https:\\\/\\\/www.kokonhalli.fi\\\/sv\\\/\"},{\"@type\":\"ListItem\",\"position\":2,\"name\":\"\u00d6ppeth\u00e5llning\"}]},{\"@type\":\"WebSite\",\"@id\":\"https:\\\/\\\/www.kokonhalli.fi\\\/#website\",\"url\":\"https:\\\/\\\/www.kokonhalli.fi\\\/\",\"name\":\"Kokonhalli Kokonhallen\",\"description\":\"Kokonhalli - Kokonhallen Porvoo\",\"publisher\":{\"@id\":\"https:\\\/\\\/www.kokonhalli.fi\\\/#organization\"},\"alternateName\":\"Kokonhalli\",\"potentialAction\":[{\"@type\":\"SearchAction\",\"target\":{\"@type\":\"EntryPoint\",\"urlTemplate\":\"https:\\\/\\\/www.kokonhalli.fi\\\/?s={search_term_string}\"},\"query-input\":{\"@type\":\"PropertyValueSpecification\",\"valueRequired\":true,\"valueName\":\"search_term_string\"}}],\"inLanguage\":\"sv-SE\"},{\"@type\":\"Organization\",\"@id\":\"https:\\\/\\\/www.kokonhalli.fi\\\/#organization\",\"name\":\"Kokonhalli Kokonhallen\",\"alternateName\":\"Kokonhalli\",\"url\":\"https:\\\/\\\/www.kokonhalli.fi\\\/\",\"logo\":{\"@type\":\"ImageObject\",\"inLanguage\":\"sv-SE\",\"@id\":\"https:\\\/\\\/www.kokonhalli.fi\\\/#\\\/schema\\\/logo\\\/image\\\/\",\"url\":\"https:\\\/\\\/www.kokonhalli.fi\\\/wp-content\\\/uploads\\\/2020\\\/01\\\/kokonhalli.jpg\",\"contentUrl\":\"https:\\\/\\\/www.kokonhalli.fi\\\/wp-content\\\/uploads\\\/2020\\\/01\\\/kokonhalli.jpg\",\"width\":150,\"height\":150,\"caption\":\"Kokonhalli Kokonhallen\"},\"image\":{\"@id\":\"https:\\\/\\\/www.kokonhalli.fi\\\/#\\\/schema\\\/logo\\\/image\\\/\"}}]}<\/script>\n<!-- \/ Yoast SEO plugin. -->","yoast_head_json":{"title":"\u00d6ppeth\u00e5llning | Kokonhalli Kokonhallen","robots":{"index":"index","follow":"follow","max-snippet":"max-snippet:-1","max-image-preview":"max-image-preview:large","max-video-preview":"max-video-preview:-1"},"canonical":"https:\/\/www.kokonhalli.fi\/sv\/oppethallning\/","og_locale":"sv_SE","og_type":"article","og_title":"\u00d6ppeth\u00e5llning | Kokonhalli Kokonhallen","og_description":"\u00d6PPETH\u00c5LLNINGSTIDER 2026 M\u00e5ndag \u2013 torsdag kl. 8\u201322 Fredag kl. 8\u201321 L\u00f6rdag kl. 9\u201318 S\u00f6ndag kl. 9\u201320 &nbsp; &nbsp; Kokonhallens Lunchcaf\u00e9 M\u00e5n-fre kl. 8\u201319.30 L\u00f6r kl. 9\u201316 S\u00f6n kl. 9\u201316 kokonhallinkahvila@gmail.com","og_url":"https:\/\/www.kokonhalli.fi\/sv\/oppethallning\/","og_site_name":"Kokonhalli Kokonhallen","article_modified_time":"2026-01-07T06:31:23+00:00","og_image":[{"width":981,"height":300,"url":"https:\/\/www.kokonhalli.fi\/wp-content\/uploads\/2020\/01\/kokonhalli_ulko4.jpg","type":"image\/jpeg"}],"twitter_card":"summary_large_image","twitter_misc":{"Ber\u00e4knad l\u00e4stid":"1 minut"},"schema":{"@context":"https:\/\/schema.org","@graph":[{"@type":"WebPage","@id":"https:\/\/www.kokonhalli.fi\/sv\/oppethallning\/","url":"https:\/\/www.kokonhalli.fi\/sv\/oppethallning\/","name":"\u00d6ppeth\u00e5llning | Kokonhalli Kokonhallen","isPartOf":{"@id":"https:\/\/www.kokonhalli.fi\/#website"},"datePublished":"2020-01-30T20:11:51+00:00","dateModified":"2026-01-07T06:31:23+00:00","breadcrumb":{"@id":"https:\/\/www.kokonhalli.fi\/sv\/oppethallning\/#breadcrumb"},"inLanguage":"sv-SE","potentialAction":[{"@type":"ReadAction","target":["https:\/\/www.kokonhalli.fi\/sv\/oppethallning\/"]}]},{"@type":"BreadcrumbList","@id":"https:\/\/www.kokonhalli.fi\/sv\/oppethallning\/#breadcrumb","itemListElement":[{"@type":"ListItem","position":1,"name":"Home","item":"https:\/\/www.kokonhalli.fi\/sv\/"},{"@type":"ListItem","position":2,"name":"\u00d6ppeth\u00e5llning"}]},{"@type":"WebSite","@id":"https:\/\/www.kokonhalli.fi\/#website","url":"https:\/\/www.kokonhalli.fi\/","name":"Kokonhalli Kokonhallen","description":"Kokonhalli - Kokonhallen Porvoo","publisher":{"@id":"https:\/\/www.kokonhalli.fi\/#organization"},"alternateName":"Kokonhalli","potentialAction":[{"@type":"SearchAction","target":{"@type":"EntryPoint","urlTemplate":"https:\/\/www.kokonhalli.fi\/?s={search_term_string}"},"query-input":{"@type":"PropertyValueSpecification","valueRequired":true,"valueName":"search_term_string"}}],"inLanguage":"sv-SE"},{"@type":"Organization","@id":"https:\/\/www.kokonhalli.fi\/#organization","name":"Kokonhalli Kokonhallen","alternateName":"Kokonhalli","url":"https:\/\/www.kokonhalli.fi\/","logo":{"@type":"ImageObject","inLanguage":"sv-SE","@id":"https:\/\/www.kokonhalli.fi\/#\/schema\/logo\/image\/","url":"https:\/\/www.kokonhalli.fi\/wp-content\/uploads\/2020\/01\/kokonhalli.jpg","contentUrl":"https:\/\/www.kokonhalli.fi\/wp-content\/uploads\/2020\/01\/kokonhalli.jpg","width":150,"height":150,"caption":"Kokonhalli Kokonhallen"},"image":{"@id":"https:\/\/www.kokonhalli.fi\/#\/schema\/logo\/image\/"}}]}},"_links":{"self":[{"href":"https:\/\/www.kokonhalli.fi\/sv\/wp-json\/wp\/v2\/pages\/113","targetHints":{"allow":["GET"]}}],"collection":[{"href":"https:\/\/www.kokonhalli.fi\/sv\/wp-json\/wp\/v2\/pages"}],"about":[{"href":"https:\/\/www.kokonhalli.fi\/sv\/wp-json\/wp\/v2\/types\/page"}],"author":[{"embeddable":true,"href":"https:\/\/www.kokonhalli.fi\/sv\/wp-json\/wp\/v2\/users\/1"}],"replies":[{"embeddable":true,"href":"https:\/\/www.kokonhalli.fi\/sv\/wp-json\/wp\/v2\/comments?post=113"}],"version-history":[{"count":0,"href":"https:\/\/www.kokonhalli.fi\/sv\/wp-json\/wp\/v2\/pages\/113\/revisions"}],"wp:attachment":[{"href":"https:\/\/www.kokonhalli.fi\/sv\/wp-json\/wp\/v2\/media?parent=113"}],"curies":[{"name":"wp","href":"https:\/\/api.w.org\/{rel}","templated":true}]}}