{"id":132,"date":"2020-01-30T20:15:45","date_gmt":"2020-01-30T20:15:45","guid":{"rendered":"http:\/\/www.kokonhalli.fi\/yhteystiedot\/"},"modified":"2026-04-08T11:20:31","modified_gmt":"2026-04-08T11:20:31","slug":"kontaktuppgifter","status":"publish","type":"page","link":"https:\/\/www.kokonhalli.fi\/sv\/kontaktuppgifter\/","title":{"rendered":"Kontaktuppgifter"},"content":{"rendered":"<div id=\"pl-132\"  class=\"panel-layout\" ><div id=\"pg-132-0\"  class=\"panel-grid panel-has-style\" ><div class=\"siteorigin-panels-stretch kt-panel-row-stretch panel-row-style panel-row-style-for-132-0\" style=\"opacity: 0;\" data-stretch-type=\"full\" ><div id=\"pgc-132-0-0\"  class=\"panel-grid-cell\" ><div id=\"panel-132-0-0-0\" class=\"so-panel widget widget_black-studio-tinymce widget_black_studio_tinymce panel-first-child panel-last-child\" data-index=\"0\" ><div class=\"textwidget\"><p><iframe loading=\"lazy\" src=\"https:\/\/www.google.com\/maps\/embed?pb=!1m18!1m12!1m3!1d1971.8745385553402!2d25.64538871611505!3d60.381232382039194!2m3!1f0!2f0!3f0!3m2!1i1024!2i768!4f13.1!3m3!1m2!1s0x4691f5d7001bb5f1%3A0x92fd3a5ceb59a8fd!2sJ%C3%A4%C3%A4kiekkotie%203%2C%2006400%20Porvoo!5e0!3m2!1sfi!2sfi!4v1580415434728!5m2!1sfi!2sfi\" width=\"100%\" height=\"450\" frameborder=\"0\" style=\"border:0;\" allowfullscreen=\"\"><\/iframe><\/p>\n<\/div><\/div><\/div><\/div><\/div><div id=\"pg-132-1\"  class=\"panel-grid panel-no-style\" ><div id=\"pgc-132-1-0\"  class=\"panel-grid-cell\" ><div id=\"panel-132-1-0-0\" class=\"so-panel widget widget_black-studio-tinymce widget_black_studio_tinymce panel-first-child panel-last-child\" data-index=\"1\" ><h1 class=\"widget-title\">Kontaktuppgifter<\/h1><div class=\"textwidget\"><h5>F\u00f6rfr\u00e5gningar<\/h5>\n<p>tel. <a href=\"tel:+358405086762\" target=\"_blank\">040 508 6762<\/a><br \/>\ns-post <a href=\"mailto:liikunta@porvoo.fi\">liikunta@porvoo.fi<\/a><br \/>\nKontrollera lediga tider i <a href=\"https:\/\/asp3.timmi.fi\/WebTimmi\/login.do?loginName=GUEST_PORVOO&amp;password=GUEST\" target=\"_blank\" rel=\"noopener noreferrer\">Timmi<\/a> -reserveringskalendern. V\u00e4lj profil Kokonhalli.<br \/>\nBokningar per telefon eller e-post.<br \/>\n<a href=\"https:\/\/www.porvoo.fi\/sv\/kultur-och-fritid\/idrott-och-friluftsliv\/ledd-motion-och-motion-sjalvstandigt\/\" target=\"_blank\">Borg\u00e5 idrotts hemsida<\/a><\/p>\n<p>&nbsp;<\/p>\n<h5>Bes\u00f6ksadress<\/h5>\n<p>Kokonhallen h\u00f6r till Kokon idrottscentrum, adress:<br \/>\nIshockeyv\u00e4gen 3<br \/>\n06100 Borg\u00e5<\/p>\n<p>&nbsp;<\/p>\n<h5>Postadress<\/h5>\n<p>Oy Kokonhalli Ab<br \/>\nIshockeyv\u00e4gen 3<br \/>\n06100 Borg\u00e5<\/p>\n<p>&nbsp;<\/p>\n<h5>N\u00e4tfakturor<\/h5>\n<p>FO-nummer: 0489133-0<br \/>\nN\u00e4tfakturaadress: 003704891330<br \/>\nOperat\u00f6rs id: 003708599126 (OpenText)<\/p>\n<p>&nbsp;<\/p>\n<hr \/>\n<p>&nbsp;<\/p>\n<h5>St\u00e4dning<\/h5>\n<p>Filmark Oy<br \/>\ntel. 040 559 7570<\/p>\n<\/div><\/div><\/div><div id=\"pgc-132-1-1\"  class=\"panel-grid-cell\" ><div id=\"panel-132-1-1-0\" class=\"so-panel widget widget_kadence_about_with_image kadence_about_with_image panel-first-child panel-last-child\" data-index=\"2\" ><div class=\"panel-widget-style panel-widget-style-for-132-1-1-0\" ><div class=\"kad_img_upload_widget kt-shape-type-kt-image-shape-standard kt-image-align-right kt-image-widget-widget-1-1-0\"><a href=\"http:\/\/www.kokonhalli.fi\/wp-content\/uploads\/2020\/01\/kartta2014.jpg\" rel=\"lightbox\"><div class=\"kt-image-contain kt-image-shadow-none kt-image-shape-standard\"><div class=\"kt-image-inner-contain\"><img decoding=\"async\" width=\"425\" height=\"767\" src=\"https:\/\/www.kokonhalli.fi\/wp-content\/uploads\/2020\/01\/kartta2014.jpg\" class=\"attachment-full size-full\" alt=\"Kokonniemen kartta\" srcset=\"https:\/\/www.kokonhalli.fi\/wp-content\/uploads\/2020\/01\/kartta2014.jpg 425w, https:\/\/www.kokonhalli.fi\/wp-content\/uploads\/2020\/01\/kartta2014-166x300.jpg 166w\" sizes=\"(max-width: 425px) 100vw, 425px\" \/><\/div><\/div><\/a><\/div><\/div><\/div><\/div><\/div><\/div>","protected":false},"excerpt":{"rendered":"<p>F\u00f6rfr\u00e5gningar tel. 040 508 6762 s-post liikunta@porvoo.fi Kontrollera lediga tider i Timmi -reserveringskalendern. V\u00e4lj profil Kokonhalli. Bokningar per telefon eller e-post. Borg\u00e5 idrotts hemsida &nbsp; Bes\u00f6ksadress Kokonhallen h\u00f6r till Kokon idrottscentrum, adress: Ishockeyv\u00e4gen 3 06100 Borg\u00e5 &nbsp; Postadress Oy Kokonhalli &hellip; <a class=\"kt-excerpt-readmore more-link\" href=\"https:\/\/www.kokonhalli.fi\/sv\/kontaktuppgifter\/\" aria-label=\"Kontaktuppgifter\">L\u00e4s mer<\/a><\/p>\n","protected":false},"author":1,"featured_media":0,"parent":0,"menu_order":0,"comment_status":"closed","ping_status":"closed","template":"","meta":{"footnotes":""},"class_list":["post-132","page","type-page","status-publish","hentry"],"yoast_head":"<!-- This site is optimized with the Yoast SEO plugin v27.3 - https:\/\/yoast.com\/product\/yoast-seo-wordpress\/ -->\n<title>Kontaktuppgifter | Kokonhalli Kokonhallen<\/title>\n<meta name=\"robots\" content=\"index, follow, max-snippet:-1, max-image-preview:large, max-video-preview:-1\" \/>\n<link rel=\"canonical\" href=\"https:\/\/www.kokonhalli.fi\/sv\/kontaktuppgifter\/\" \/>\n<meta property=\"og:locale\" content=\"sv_SE\" \/>\n<meta property=\"og:type\" content=\"article\" \/>\n<meta property=\"og:title\" content=\"Kontaktuppgifter | Kokonhalli Kokonhallen\" \/>\n<meta property=\"og:description\" content=\"F\u00f6rfr\u00e5gningar tel. 040 508 6762 s-post liikunta@porvoo.fi Kontrollera lediga tider i Timmi -reserveringskalendern. V\u00e4lj profil Kokonhalli. Bokningar per telefon eller e-post. Borg\u00e5 idrotts hemsida &nbsp; Bes\u00f6ksadress Kokonhallen h\u00f6r till Kokon idrottscentrum, adress: Ishockeyv\u00e4gen 3 06100 Borg\u00e5 &nbsp; Postadress Oy Kokonhalli &hellip; L\u00e4s mer\" \/>\n<meta property=\"og:url\" content=\"https:\/\/www.kokonhalli.fi\/sv\/kontaktuppgifter\/\" \/>\n<meta property=\"og:site_name\" content=\"Kokonhalli Kokonhallen\" \/>\n<meta property=\"article:modified_time\" content=\"2026-04-08T11:20:31+00:00\" \/>\n<meta property=\"og:image\" content=\"https:\/\/www.kokonhalli.fi\/wp-content\/uploads\/2020\/01\/kokonhalli_ulko4.jpg\" \/>\n\t<meta property=\"og:image:width\" content=\"981\" \/>\n\t<meta property=\"og:image:height\" content=\"300\" \/>\n\t<meta property=\"og:image:type\" content=\"image\/jpeg\" \/>\n<meta name=\"twitter:card\" content=\"summary_large_image\" \/>\n<meta name=\"twitter:label1\" content=\"Ber\u00e4knad l\u00e4stid\" \/>\n\t<meta name=\"twitter:data1\" content=\"1 minut\" \/>\n<script type=\"application\/ld+json\" class=\"yoast-schema-graph\">{\"@context\":\"https:\\\/\\\/schema.org\",\"@graph\":[{\"@type\":\"WebPage\",\"@id\":\"https:\\\/\\\/www.kokonhalli.fi\\\/sv\\\/kontaktuppgifter\\\/\",\"url\":\"https:\\\/\\\/www.kokonhalli.fi\\\/sv\\\/kontaktuppgifter\\\/\",\"name\":\"Kontaktuppgifter | Kokonhalli Kokonhallen\",\"isPartOf\":{\"@id\":\"https:\\\/\\\/www.kokonhalli.fi\\\/#website\"},\"datePublished\":\"2020-01-30T20:15:45+00:00\",\"dateModified\":\"2026-04-08T11:20:31+00:00\",\"breadcrumb\":{\"@id\":\"https:\\\/\\\/www.kokonhalli.fi\\\/sv\\\/kontaktuppgifter\\\/#breadcrumb\"},\"inLanguage\":\"sv-SE\",\"potentialAction\":[{\"@type\":\"ReadAction\",\"target\":[\"https:\\\/\\\/www.kokonhalli.fi\\\/sv\\\/kontaktuppgifter\\\/\"]}]},{\"@type\":\"BreadcrumbList\",\"@id\":\"https:\\\/\\\/www.kokonhalli.fi\\\/sv\\\/kontaktuppgifter\\\/#breadcrumb\",\"itemListElement\":[{\"@type\":\"ListItem\",\"position\":1,\"name\":\"Home\",\"item\":\"https:\\\/\\\/www.kokonhalli.fi\\\/sv\\\/\"},{\"@type\":\"ListItem\",\"position\":2,\"name\":\"Kontaktuppgifter\"}]},{\"@type\":\"WebSite\",\"@id\":\"https:\\\/\\\/www.kokonhalli.fi\\\/#website\",\"url\":\"https:\\\/\\\/www.kokonhalli.fi\\\/\",\"name\":\"Kokonhalli Kokonhallen\",\"description\":\"Kokonhalli - Kokonhallen Porvoo\",\"publisher\":{\"@id\":\"https:\\\/\\\/www.kokonhalli.fi\\\/#organization\"},\"alternateName\":\"Kokonhalli\",\"potentialAction\":[{\"@type\":\"SearchAction\",\"target\":{\"@type\":\"EntryPoint\",\"urlTemplate\":\"https:\\\/\\\/www.kokonhalli.fi\\\/?s={search_term_string}\"},\"query-input\":{\"@type\":\"PropertyValueSpecification\",\"valueRequired\":true,\"valueName\":\"search_term_string\"}}],\"inLanguage\":\"sv-SE\"},{\"@type\":\"Organization\",\"@id\":\"https:\\\/\\\/www.kokonhalli.fi\\\/#organization\",\"name\":\"Kokonhalli Kokonhallen\",\"alternateName\":\"Kokonhalli\",\"url\":\"https:\\\/\\\/www.kokonhalli.fi\\\/\",\"logo\":{\"@type\":\"ImageObject\",\"inLanguage\":\"sv-SE\",\"@id\":\"https:\\\/\\\/www.kokonhalli.fi\\\/#\\\/schema\\\/logo\\\/image\\\/\",\"url\":\"https:\\\/\\\/www.kokonhalli.fi\\\/wp-content\\\/uploads\\\/2020\\\/01\\\/kokonhalli.jpg\",\"contentUrl\":\"https:\\\/\\\/www.kokonhalli.fi\\\/wp-content\\\/uploads\\\/2020\\\/01\\\/kokonhalli.jpg\",\"width\":150,\"height\":150,\"caption\":\"Kokonhalli Kokonhallen\"},\"image\":{\"@id\":\"https:\\\/\\\/www.kokonhalli.fi\\\/#\\\/schema\\\/logo\\\/image\\\/\"}}]}<\/script>\n<!-- \/ Yoast SEO plugin. -->","yoast_head_json":{"title":"Kontaktuppgifter | Kokonhalli Kokonhallen","robots":{"index":"index","follow":"follow","max-snippet":"max-snippet:-1","max-image-preview":"max-image-preview:large","max-video-preview":"max-video-preview:-1"},"canonical":"https:\/\/www.kokonhalli.fi\/sv\/kontaktuppgifter\/","og_locale":"sv_SE","og_type":"article","og_title":"Kontaktuppgifter | Kokonhalli Kokonhallen","og_description":"F\u00f6rfr\u00e5gningar tel. 040 508 6762 s-post liikunta@porvoo.fi Kontrollera lediga tider i Timmi -reserveringskalendern. V\u00e4lj profil Kokonhalli. Bokningar per telefon eller e-post. Borg\u00e5 idrotts hemsida &nbsp; Bes\u00f6ksadress Kokonhallen h\u00f6r till Kokon idrottscentrum, adress: Ishockeyv\u00e4gen 3 06100 Borg\u00e5 &nbsp; Postadress Oy Kokonhalli &hellip; L\u00e4s mer","og_url":"https:\/\/www.kokonhalli.fi\/sv\/kontaktuppgifter\/","og_site_name":"Kokonhalli Kokonhallen","article_modified_time":"2026-04-08T11:20:31+00:00","og_image":[{"width":981,"height":300,"url":"https:\/\/www.kokonhalli.fi\/wp-content\/uploads\/2020\/01\/kokonhalli_ulko4.jpg","type":"image\/jpeg"}],"twitter_card":"summary_large_image","twitter_misc":{"Ber\u00e4knad l\u00e4stid":"1 minut"},"schema":{"@context":"https:\/\/schema.org","@graph":[{"@type":"WebPage","@id":"https:\/\/www.kokonhalli.fi\/sv\/kontaktuppgifter\/","url":"https:\/\/www.kokonhalli.fi\/sv\/kontaktuppgifter\/","name":"Kontaktuppgifter | Kokonhalli Kokonhallen","isPartOf":{"@id":"https:\/\/www.kokonhalli.fi\/#website"},"datePublished":"2020-01-30T20:15:45+00:00","dateModified":"2026-04-08T11:20:31+00:00","breadcrumb":{"@id":"https:\/\/www.kokonhalli.fi\/sv\/kontaktuppgifter\/#breadcrumb"},"inLanguage":"sv-SE","potentialAction":[{"@type":"ReadAction","target":["https:\/\/www.kokonhalli.fi\/sv\/kontaktuppgifter\/"]}]},{"@type":"BreadcrumbList","@id":"https:\/\/www.kokonhalli.fi\/sv\/kontaktuppgifter\/#breadcrumb","itemListElement":[{"@type":"ListItem","position":1,"name":"Home","item":"https:\/\/www.kokonhalli.fi\/sv\/"},{"@type":"ListItem","position":2,"name":"Kontaktuppgifter"}]},{"@type":"WebSite","@id":"https:\/\/www.kokonhalli.fi\/#website","url":"https:\/\/www.kokonhalli.fi\/","name":"Kokonhalli Kokonhallen","description":"Kokonhalli - Kokonhallen Porvoo","publisher":{"@id":"https:\/\/www.kokonhalli.fi\/#organization"},"alternateName":"Kokonhalli","potentialAction":[{"@type":"SearchAction","target":{"@type":"EntryPoint","urlTemplate":"https:\/\/www.kokonhalli.fi\/?s={search_term_string}"},"query-input":{"@type":"PropertyValueSpecification","valueRequired":true,"valueName":"search_term_string"}}],"inLanguage":"sv-SE"},{"@type":"Organization","@id":"https:\/\/www.kokonhalli.fi\/#organization","name":"Kokonhalli Kokonhallen","alternateName":"Kokonhalli","url":"https:\/\/www.kokonhalli.fi\/","logo":{"@type":"ImageObject","inLanguage":"sv-SE","@id":"https:\/\/www.kokonhalli.fi\/#\/schema\/logo\/image\/","url":"https:\/\/www.kokonhalli.fi\/wp-content\/uploads\/2020\/01\/kokonhalli.jpg","contentUrl":"https:\/\/www.kokonhalli.fi\/wp-content\/uploads\/2020\/01\/kokonhalli.jpg","width":150,"height":150,"caption":"Kokonhalli Kokonhallen"},"image":{"@id":"https:\/\/www.kokonhalli.fi\/#\/schema\/logo\/image\/"}}]}},"_links":{"self":[{"href":"https:\/\/www.kokonhalli.fi\/sv\/wp-json\/wp\/v2\/pages\/132","targetHints":{"allow":["GET"]}}],"collection":[{"href":"https:\/\/www.kokonhalli.fi\/sv\/wp-json\/wp\/v2\/pages"}],"about":[{"href":"https:\/\/www.kokonhalli.fi\/sv\/wp-json\/wp\/v2\/types\/page"}],"author":[{"embeddable":true,"href":"https:\/\/www.kokonhalli.fi\/sv\/wp-json\/wp\/v2\/users\/1"}],"replies":[{"embeddable":true,"href":"https:\/\/www.kokonhalli.fi\/sv\/wp-json\/wp\/v2\/comments?post=132"}],"version-history":[{"count":0,"href":"https:\/\/www.kokonhalli.fi\/sv\/wp-json\/wp\/v2\/pages\/132\/revisions"}],"wp:attachment":[{"href":"https:\/\/www.kokonhalli.fi\/sv\/wp-json\/wp\/v2\/media?parent=132"}],"curies":[{"name":"wp","href":"https:\/\/api.w.org\/{rel}","templated":true}]}}